{"id":806,"date":"2026-04-07T15:21:08","date_gmt":"2026-04-07T13:21:08","guid":{"rendered":"https:\/\/laconstruction.lu\/?page_id=806"},"modified":"2026-04-07T16:13:10","modified_gmt":"2026-04-07T14:13:10","slug":"realisations","status":"publish","type":"page","link":"https:\/\/laconstruction.lu\/en\/realisations\/","title":{"rendered":"R\u00e9alisations"},"content":{"rendered":"<div data-elementor-type=\"wp-page\" data-elementor-id=\"806\" class=\"elementor elementor-806\">\n\t\t\t\t<div class=\"elementor-element elementor-element-d6ae16c e-flex e-con-boxed e-con e-parent\" data-id=\"d6ae16c\" data-element_type=\"container\" data-e-type=\"container\" data-settings=\"{&quot;background_background&quot;:&quot;classic&quot;}\">\n\t\t\t\t\t<div class=\"e-con-inner\">\n\t\t\t\t<div class=\"elementor-element elementor-element-51e093d7 elementor-widget elementor-widget-heading\" data-id=\"51e093d7\" data-element_type=\"widget\" data-e-type=\"widget\" data-widget_type=\"heading.default\">\n\t\t\t\t\t<h1 class=\"elementor-heading-title elementor-size-default\">Nos R\u00e9alisations de Construction de Qualit\u00e9<\/h1>\t\t\t\t<\/div>\n\t\t\t\t<div class=\"elementor-element elementor-element-2b8dfe33 elementor-widget-divider--view-line elementor-widget elementor-widget-divider\" data-id=\"2b8dfe33\" data-element_type=\"widget\" data-e-type=\"widget\" data-widget_type=\"divider.default\">\n\t\t\t\t\t\t\t<div class=\"elementor-divider\">\n\t\t\t<span class=\"elementor-divider-separator\">\n\t\t\t\t\t\t<\/span>\n\t\t<\/div>\n\t\t\t\t\t\t<\/div>\n\t\t\t\t\t<\/div>\n\t\t\t\t<\/div>\n\t\t<div class=\"elementor-element elementor-element-53be4bad e-flex e-con-boxed e-con e-parent\" data-id=\"53be4bad\" data-element_type=\"container\" data-e-type=\"container\" data-settings=\"{&quot;background_background&quot;:&quot;classic&quot;}\">\n\t\t\t\t\t<div class=\"e-con-inner\">\n\t\t<div class=\"elementor-element elementor-element-25fb1bea e-con-full e-flex e-con e-child\" data-id=\"25fb1bea\" data-element_type=\"container\" data-e-type=\"container\">\n\t\t\t\t<div class=\"elementor-element elementor-element-6d3f52df elementor-widget elementor-widget-heading\" data-id=\"6d3f52df\" data-element_type=\"widget\" data-e-type=\"widget\" data-widget_type=\"heading.default\">\n\t\t\t\t\t<h2 class=\"elementor-heading-title elementor-size-default\">Construction R\u00e9sidentielle<\/h2>\t\t\t\t<\/div>\n\t\t\t\t<div class=\"elementor-element elementor-element-3ac443d3 elementor-widget-divider--view-line elementor-widget elementor-widget-divider\" data-id=\"3ac443d3\" data-element_type=\"widget\" data-e-type=\"widget\" data-widget_type=\"divider.default\">\n\t\t\t\t\t\t\t<div class=\"elementor-divider\">\n\t\t\t<span class=\"elementor-divider-separator\">\n\t\t\t\t\t\t<\/span>\n\t\t<\/div>\n\t\t\t\t\t\t<\/div>\n\t\t\t\t<div class=\"elementor-element elementor-element-4c551823 elementor-widget elementor-widget-heading\" data-id=\"4c551823\" data-element_type=\"widget\" data-e-type=\"widget\" data-widget_type=\"heading.default\">\n\t\t\t\t\t<p class=\"elementor-heading-title elementor-size-default\">Notre \u00e9quipe est sp\u00e9cialis\u00e9e dans la construction r\u00e9sidentielle, offrant des designs contemporains et des mat\u00e9riaux de qualit\u00e9 pour cr\u00e9er votre maison id\u00e9ale.<\/p>\t\t\t\t<\/div>\n\t\t\t\t<\/div>\n\t\t<div class=\"elementor-element elementor-element-1ff997bd e-con-full e-flex e-con e-child\" data-id=\"1ff997bd\" data-element_type=\"container\" data-e-type=\"container\">\n\t\t\t\t<div class=\"elementor-element elementor-element-1dc138d8 elementor-widget elementor-widget-image\" data-id=\"1dc138d8\" data-element_type=\"widget\" data-e-type=\"widget\" data-widget_type=\"image.default\">\n\t\t\t\t\t\t\t\t\t\t\t\t\t\t\t<img fetchpriority=\"high\" width=\"1024\" height=\"682\" class=\"attachment-large size-large wp-image-8 lws-optimize-lazyload\" alt=\"A modern construction site with cranes against a clear blue sky, showcasing urban development.\" srcset=\"https:\/\/laconstruction.lu\/wp-content\/uploads\/2026\/04\/pexels-photo-36065437-1024x682.jpeg 1024w, https:\/\/laconstruction.lu\/wp-content\/uploads\/2026\/04\/pexels-photo-36065437-300x200.jpeg 300w, https:\/\/laconstruction.lu\/wp-content\/uploads\/2026\/04\/pexels-photo-36065437-768x512.jpeg 768w, https:\/\/laconstruction.lu\/wp-content\/uploads\/2026\/04\/pexels-photo-36065437.jpeg 1280w\" sizes=\"(max-width: 1024px) 100vw, 1024px\" data-src=\"https:\/\/laconstruction.lu\/wp-content\/uploads\/2026\/04\/pexels-photo-36065437-1024x682.jpeg\" title=\"R\u00e9alisations\">\t\t\t\t\t\t\t\t\t\t\t\t\t\t\t<\/div>\n\t\t\t\t<\/div>\n\t\t\t\t\t<\/div>\n\t\t\t\t<\/div>\n\t\t<div class=\"elementor-element elementor-element-e41efc4 e-flex e-con-boxed e-con e-parent\" data-id=\"e41efc4\" data-element_type=\"container\" data-e-type=\"container\" data-settings=\"{&quot;background_background&quot;:&quot;classic&quot;}\">\n\t\t\t\t\t<div class=\"e-con-inner\">\n\t\t<div class=\"elementor-element elementor-element-1da7c7d2 e-con-full e-flex e-con e-child\" data-id=\"1da7c7d2\" data-element_type=\"container\" data-e-type=\"container\">\n\t\t\t\t<div class=\"elementor-element elementor-element-642700c8 elementor-widget elementor-widget-image\" data-id=\"642700c8\" data-element_type=\"widget\" data-e-type=\"widget\" data-widget_type=\"image.default\">\n\t\t\t\t\t\t\t\t\t\t\t\t\t\t\t<img width=\"1024\" height=\"682\" class=\"attachment-large size-large wp-image-9 lws-optimize-lazyload\" alt=\"Close-up of an excavator working on road construction, showcasing the industrial process.\" srcset=\"https:\/\/laconstruction.lu\/wp-content\/uploads\/2026\/04\/street-building-construction-industry-1024x682.jpg 1024w, https:\/\/laconstruction.lu\/wp-content\/uploads\/2026\/04\/street-building-construction-industry-300x200.jpg 300w, https:\/\/laconstruction.lu\/wp-content\/uploads\/2026\/04\/street-building-construction-industry-768x512.jpg 768w, https:\/\/laconstruction.lu\/wp-content\/uploads\/2026\/04\/street-building-construction-industry.jpg 1280w\" sizes=\"(max-width: 1024px) 100vw, 1024px\" data-src=\"https:\/\/laconstruction.lu\/wp-content\/uploads\/2026\/04\/street-building-construction-industry-1024x682.jpg\" title=\"R\u00e9alisations\">\t\t\t\t\t\t\t\t\t\t\t\t\t\t\t<\/div>\n\t\t\t\t<\/div>\n\t\t<div class=\"elementor-element elementor-element-4207683a e-con-full e-flex e-con e-child\" data-id=\"4207683a\" data-element_type=\"container\" data-e-type=\"container\">\n\t\t\t\t<div class=\"elementor-element elementor-element-38830dee elementor-widget elementor-widget-heading\" data-id=\"38830dee\" data-element_type=\"widget\" data-e-type=\"widget\" data-widget_type=\"heading.default\">\n\t\t\t\t\t<h2 class=\"elementor-heading-title elementor-size-default\">R\u00e9novation<\/h2>\t\t\t\t<\/div>\n\t\t\t\t<div class=\"elementor-element elementor-element-1ae4c5f3 elementor-widget-divider--view-line elementor-widget elementor-widget-divider\" data-id=\"1ae4c5f3\" data-element_type=\"widget\" data-e-type=\"widget\" data-widget_type=\"divider.default\">\n\t\t\t\t\t\t\t<div class=\"elementor-divider\">\n\t\t\t<span class=\"elementor-divider-separator\">\n\t\t\t\t\t\t<\/span>\n\t\t<\/div>\n\t\t\t\t\t\t<\/div>\n\t\t\t\t<div class=\"elementor-element elementor-element-77f1b5bd elementor-widget elementor-widget-heading\" data-id=\"77f1b5bd\" data-element_type=\"widget\" data-e-type=\"widget\" data-widget_type=\"heading.default\">\n\t\t\t\t\t<p class=\"elementor-heading-title elementor-size-default\">Avec notre savoir-faire, nous renouvelons vos int\u00e9rieurs et ext\u00e9rieurs, am\u00e9liorant \u00e0 la fois l'esth\u00e9tique et la fonctionnalit\u00e9 tout en pr\u00e9servant le charme original.<\/p>\t\t\t\t<\/div>\n\t\t\t\t<\/div>\n\t\t\t\t\t<\/div>\n\t\t\t\t<\/div>\n\t\t<div class=\"elementor-element elementor-element-6f6b909 e-flex e-con-boxed e-con e-parent\" data-id=\"6f6b909\" data-element_type=\"container\" data-e-type=\"container\" data-settings=\"{&quot;background_background&quot;:&quot;classic&quot;}\">\n\t\t\t\t\t<div class=\"e-con-inner\">\n\t\t<div class=\"elementor-element elementor-element-2b270aa3 e-con-full e-flex e-con e-child\" data-id=\"2b270aa3\" data-element_type=\"container\" data-e-type=\"container\">\n\t\t\t\t<div class=\"elementor-element elementor-element-501672ab elementor-widget elementor-widget-heading\" data-id=\"501672ab\" data-element_type=\"widget\" data-e-type=\"widget\" data-widget_type=\"heading.default\">\n\t\t\t\t\t<h2 class=\"elementor-heading-title elementor-size-default\">Am\u00e9nagement Ext\u00e9rieur<\/h2>\t\t\t\t<\/div>\n\t\t\t\t<div class=\"elementor-element elementor-element-4f9cd8cc elementor-widget-divider--view-line elementor-widget elementor-widget-divider\" data-id=\"4f9cd8cc\" data-element_type=\"widget\" data-e-type=\"widget\" data-widget_type=\"divider.default\">\n\t\t\t\t\t\t\t<div class=\"elementor-divider\">\n\t\t\t<span class=\"elementor-divider-separator\">\n\t\t\t\t\t\t<\/span>\n\t\t<\/div>\n\t\t\t\t\t\t<\/div>\n\t\t\t\t<div class=\"elementor-element elementor-element-54dd498e elementor-widget elementor-widget-heading\" data-id=\"54dd498e\" data-element_type=\"widget\" data-e-type=\"widget\" data-widget_type=\"heading.default\">\n\t\t\t\t\t<p class=\"elementor-heading-title elementor-size-default\">Nous concevons des jardins, terrasses et all\u00e9es sur mesure, afin d'optimiser votre espace ext\u00e9rieur tout en respectant l'environnement et votre style de vie.<\/p>\t\t\t\t<\/div>\n\t\t\t\t<\/div>\n\t\t<div class=\"elementor-element elementor-element-62f21109 e-con-full e-flex e-con e-child\" data-id=\"62f21109\" data-element_type=\"container\" data-e-type=\"container\">\n\t\t\t\t<div class=\"elementor-element elementor-element-460595bc elementor-widget elementor-widget-image\" data-id=\"460595bc\" data-element_type=\"widget\" data-e-type=\"widget\" data-widget_type=\"image.default\">\n\t\t\t\t\t\t\t\t\t\t\t\t\t\t\t<img width=\"1024\" height=\"682\" class=\"attachment-large size-large wp-image-10 lws-optimize-lazyload\" alt=\"Workers in high visibility gear at a busy construction site with scaffolding and steel frames.\" srcset=\"https:\/\/laconstruction.lu\/wp-content\/uploads\/2026\/04\/pexels-photo-2383649-1024x682.jpeg 1024w, https:\/\/laconstruction.lu\/wp-content\/uploads\/2026\/04\/pexels-photo-2383649-300x200.jpeg 300w, https:\/\/laconstruction.lu\/wp-content\/uploads\/2026\/04\/pexels-photo-2383649-768x512.jpeg 768w, https:\/\/laconstruction.lu\/wp-content\/uploads\/2026\/04\/pexels-photo-2383649.jpeg 1280w\" sizes=\"(max-width: 1024px) 100vw, 1024px\" data-src=\"https:\/\/laconstruction.lu\/wp-content\/uploads\/2026\/04\/pexels-photo-2383649-1024x682.jpeg\" title=\"R\u00e9alisations\">\t\t\t\t\t\t\t\t\t\t\t\t\t\t\t<\/div>\n\t\t\t\t<\/div>\n\t\t\t\t\t<\/div>\n\t\t\t\t<\/div>\n\t\t<div class=\"elementor-element elementor-element-49a6bd18 e-flex e-con-boxed e-con e-parent\" data-id=\"49a6bd18\" data-element_type=\"container\" data-e-type=\"container\" data-settings=\"{&quot;background_background&quot;:&quot;classic&quot;}\">\n\t\t\t\t\t<div class=\"e-con-inner\">\n\t\t<div class=\"elementor-element elementor-element-1252503a e-con-full e-flex e-con e-child\" data-id=\"1252503a\" data-element_type=\"container\" data-e-type=\"container\">\n\t\t\t\t<div class=\"elementor-element elementor-element-274a1923 elementor-widget elementor-widget-image\" data-id=\"274a1923\" data-element_type=\"widget\" data-e-type=\"widget\" data-widget_type=\"image.default\">\n\t\t\t\t\t\t\t\t\t\t\t\t\t\t\t<img loading=\"lazy\" width=\"683\" height=\"1024\" class=\"attachment-large size-large wp-image-11 lws-optimize-lazyload\" alt=\"Two workers standing on scaffolding at a construction site in black and white.\" srcset=\"https:\/\/laconstruction.lu\/wp-content\/uploads\/2026\/04\/pexels-photo-36296407-683x1024.jpeg 683w, https:\/\/laconstruction.lu\/wp-content\/uploads\/2026\/04\/pexels-photo-36296407-200x300.jpeg 200w, https:\/\/laconstruction.lu\/wp-content\/uploads\/2026\/04\/pexels-photo-36296407.jpeg 700w\" sizes=\"(max-width: 683px) 100vw, 683px\" data-src=\"https:\/\/laconstruction.lu\/wp-content\/uploads\/2026\/04\/pexels-photo-36296407-683x1024.jpeg\" title=\"R\u00e9alisations\">\t\t\t\t\t\t\t\t\t\t\t\t\t\t\t<\/div>\n\t\t\t\t<\/div>\n\t\t<div class=\"elementor-element elementor-element-110e6dd0 e-con-full e-flex e-con e-child\" data-id=\"110e6dd0\" data-element_type=\"container\" data-e-type=\"container\">\n\t\t\t\t<div class=\"elementor-element elementor-element-24f2faca elementor-widget elementor-widget-heading\" data-id=\"24f2faca\" data-element_type=\"widget\" data-e-type=\"widget\" data-widget_type=\"heading.default\">\n\t\t\t\t\t<h2 class=\"elementor-heading-title elementor-size-default\">Consultation et Devis<\/h2>\t\t\t\t<\/div>\n\t\t\t\t<div class=\"elementor-element elementor-element-70fcbf0d elementor-widget-divider--view-line elementor-widget elementor-widget-divider\" data-id=\"70fcbf0d\" data-element_type=\"widget\" data-e-type=\"widget\" data-widget_type=\"divider.default\">\n\t\t\t\t\t\t\t<div class=\"elementor-divider\">\n\t\t\t<span class=\"elementor-divider-separator\">\n\t\t\t\t\t\t<\/span>\n\t\t<\/div>\n\t\t\t\t\t\t<\/div>\n\t\t\t\t<div class=\"elementor-element elementor-element-59e92c30 elementor-widget elementor-widget-heading\" data-id=\"59e92c30\" data-element_type=\"widget\" data-e-type=\"widget\" data-widget_type=\"heading.default\">\n\t\t\t\t\t<p class=\"elementor-heading-title elementor-size-default\">Nous offrons des services de consultation pour comprendre vos besoins, suivis de devis d\u00e9taill\u00e9s afin de vous guider dans chaque \u00e9tape de votre projet de construction.<\/p>\t\t\t\t<\/div>\n\t\t\t\t<\/div>\n\t\t\t\t\t<\/div>\n\t\t\t\t<\/div>\n\t\t<div class=\"elementor-element elementor-element-55df3e87 e-flex e-con-boxed e-con e-parent\" data-id=\"55df3e87\" data-element_type=\"container\" data-e-type=\"container\" data-settings=\"{&quot;background_background&quot;:&quot;classic&quot;}\">\n\t\t\t\t\t<div class=\"e-con-inner\">\n\t\t\t\t<div class=\"elementor-element elementor-element-741bba53 elementor-widget-divider--view-line elementor-widget elementor-widget-divider\" data-id=\"741bba53\" data-element_type=\"widget\" data-e-type=\"widget\" data-widget_type=\"divider.default\">\n\t\t\t\t\t\t\t<div class=\"elementor-divider\">\n\t\t\t<span class=\"elementor-divider-separator\">\n\t\t\t\t\t\t<\/span>\n\t\t<\/div>\n\t\t\t\t\t\t<\/div>\n\t\t\t\t<div class=\"elementor-element elementor-element-7cd25e07 elementor-widget elementor-widget-icon-box\" data-id=\"7cd25e07\" data-element_type=\"widget\" data-e-type=\"widget\" data-widget_type=\"icon-box.default\">\n\t\t\t\t\t\t\t<div class=\"elementor-icon-box-wrapper\">\n\n\t\t\t\n\t\t\t\t\t\t<div class=\"elementor-icon-box-content\">\n\n\t\t\t\t\t\t\t\t\t<h2 class=\"elementor-icon-box-title\">\n\t\t\t\t\t\t<span  >\n\t\t\t\t\t\t\tPr\u00eat \u00e0 d\u00e9marrer votre projet ?\u200b\t\t\t\t\t\t<\/span>\n\t\t\t\t\t<\/h2>\n\t\t\t\t\n\t\t\t\t\t\t\t\t\t<p class=\"elementor-icon-box-description\">\n\t\t\t\t\t\t\u00c9changeons sur vos id\u00e9es et laissez-nous construire votre r\u00eave ensemble.\t\t\t\t\t<\/p>\n\t\t\t\t\n\t\t\t<\/div>\n\t\t\t\n\t\t<\/div>\n\t\t\t\t\t\t<\/div>\n\t\t\t\t<div class=\"elementor-element elementor-element-3b966faa elementor-align-center elementor-widget elementor-widget-button\" data-id=\"3b966faa\" data-element_type=\"widget\" data-e-type=\"widget\" data-widget_type=\"button.default\">\n\t\t\t\t\t\t\t\t\t\t<a class=\"elementor-button elementor-button-link elementor-size-sm\" href=\"\/en\/contact\/\">\n\t\t\t\t\t\t<span class=\"elementor-button-content-wrapper\">\n\t\t\t\t\t\t\t\t\t<span class=\"elementor-button-text\">Demandez un devis<\/span>\n\t\t\t\t\t<\/span>\n\t\t\t\t\t<\/a>\n\t\t\t\t\t\t\t\t<\/div>\n\t\t\t\t\t<\/div>\n\t\t\t\t<\/div>\n\t\t\t\t<\/div>","protected":false},"excerpt":{"rendered":"<p>Nos R\u00e9alisations de Construction de Qualit\u00e9 Construction R\u00e9sidentielle Notre \u00e9quipe est sp\u00e9cialis\u00e9e dans la construction r\u00e9sidentielle, offrant des designs contemporains [&hellip;]<\/p>\n","protected":false},"author":1,"featured_media":0,"parent":0,"menu_order":0,"comment_status":"closed","ping_status":"closed","template":"","meta":{"site-sidebar-layout":"no-sidebar","site-content-layout":"","ast-site-content-layout":"full-width-container","site-content-style":"default","site-sidebar-style":"default","ast-global-header-display":"","ast-banner-title-visibility":"","ast-main-header-display":"","ast-hfb-above-header-display":"","ast-hfb-below-header-display":"","ast-hfb-mobile-header-display":"","site-post-title":"","ast-breadcrumbs-content":"","ast-featured-img":"disabled","footer-sml-layout":"","ast-disable-related-posts":"","theme-transparent-header-meta":"","adv-header-id-meta":"","stick-header-meta":"","header-above-stick-meta":"","header-main-stick-meta":"","header-below-stick-meta":"","astra-migrate-meta-layouts":"default","ast-page-background-enabled":"default","ast-page-background-meta":{"desktop":{"background-color":"var(--ast-global-color-5)","background-image":"","background-repeat":"repeat","background-position":"center center","background-size":"auto","background-attachment":"scroll","background-type":"","background-media":"","overlay-type":"","overlay-color":"","overlay-opacity":"","overlay-gradient":""},"tablet":{"background-color":"","background-image":"","background-repeat":"repeat","background-position":"center center","background-size":"auto","background-attachment":"scroll","background-type":"","background-media":"","overlay-type":"","overlay-color":"","overlay-opacity":"","overlay-gradient":""},"mobile":{"background-color":"","background-image":"","background-repeat":"repeat","background-position":"center center","background-size":"auto","background-attachment":"scroll","background-type":"","background-media":"","overlay-type":"","overlay-color":"","overlay-opacity":"","overlay-gradient":""}},"ast-content-background-meta":{"desktop":{"background-color":"var(--ast-global-color-4)","background-image":"","background-repeat":"repeat","background-position":"center center","background-size":"auto","background-attachment":"scroll","background-type":"","background-media":"","overlay-type":"","overlay-color":"","overlay-opacity":"","overlay-gradient":""},"tablet":{"background-color":"var(--ast-global-color-4)","background-image":"","background-repeat":"repeat","background-position":"center center","background-size":"auto","background-attachment":"scroll","background-type":"","background-media":"","overlay-type":"","overlay-color":"","overlay-opacity":"","overlay-gradient":""},"mobile":{"background-color":"var(--ast-global-color-4)","background-image":"","background-repeat":"repeat","background-position":"center center","background-size":"auto","background-attachment":"scroll","background-type":"","background-media":"","overlay-type":"","overlay-color":"","overlay-opacity":"","overlay-gradient":""}},"footnotes":""},"class_list":["post-806","page","type-page","status-publish","hentry"],"_links":{"self":[{"href":"https:\/\/laconstruction.lu\/en\/wp-json\/wp\/v2\/pages\/806","targetHints":{"allow":["GET"]}}],"collection":[{"href":"https:\/\/laconstruction.lu\/en\/wp-json\/wp\/v2\/pages"}],"about":[{"href":"https:\/\/laconstruction.lu\/en\/wp-json\/wp\/v2\/types\/page"}],"author":[{"embeddable":true,"href":"https:\/\/laconstruction.lu\/en\/wp-json\/wp\/v2\/users\/1"}],"replies":[{"embeddable":true,"href":"https:\/\/laconstruction.lu\/en\/wp-json\/wp\/v2\/comments?post=806"}],"version-history":[{"count":8,"href":"https:\/\/laconstruction.lu\/en\/wp-json\/wp\/v2\/pages\/806\/revisions"}],"predecessor-version":[{"id":843,"href":"https:\/\/laconstruction.lu\/en\/wp-json\/wp\/v2\/pages\/806\/revisions\/843"}],"wp:attachment":[{"href":"https:\/\/laconstruction.lu\/en\/wp-json\/wp\/v2\/media?parent=806"}],"curies":[{"name":"wp","href":"https:\/\/api.w.org\/{rel}","templated":true}]}}