{"id":732,"date":"2026-04-01T12:59:08","date_gmt":"2026-04-01T10:59:08","guid":{"rendered":"https:\/\/laconstruction.lu\/?page_id=732"},"modified":"2026-04-07T16:10:19","modified_gmt":"2026-04-07T14:10:19","slug":"notre-equipe","status":"publish","type":"page","link":"https:\/\/laconstruction.lu\/en\/notre-equipe\/","title":{"rendered":"Notre \u00e9quipe"},"content":{"rendered":"<div data-elementor-type=\"wp-page\" data-elementor-id=\"732\" class=\"elementor elementor-732\">\n\t\t\t\t<div class=\"elementor-element elementor-element-f6c510 e-flex e-con-boxed e-con e-parent\" data-id=\"f6c510\" data-element_type=\"container\" data-e-type=\"container\" data-settings=\"{&quot;background_background&quot;:&quot;classic&quot;}\">\n\t\t\t\t\t<div class=\"e-con-inner\">\n\t\t\t\t<div class=\"elementor-element elementor-element-7776bfc0 elementor-widget elementor-widget-heading\" data-id=\"7776bfc0\" data-element_type=\"widget\" data-e-type=\"widget\" data-widget_type=\"heading.default\">\n\t\t\t\t\t<h1 class=\"elementor-heading-title elementor-size-default\">On vous pr\u00e9sente notre \u00e9quipe<\/h1>\t\t\t\t<\/div>\n\t\t\t\t<div class=\"elementor-element elementor-element-58efefe3 elementor-widget-divider--view-line elementor-widget elementor-widget-divider\" data-id=\"58efefe3\" data-element_type=\"widget\" data-e-type=\"widget\" data-widget_type=\"divider.default\">\n\t\t\t\t\t\t\t<div class=\"elementor-divider\">\n\t\t\t<span class=\"elementor-divider-separator\">\n\t\t\t\t\t\t<\/span>\n\t\t<\/div>\n\t\t\t\t\t\t<\/div>\n\t\t\t\t\t<\/div>\n\t\t\t\t<\/div>\n\t\t<div class=\"elementor-element elementor-element-25dca9 e-flex e-con-boxed e-con e-parent\" data-id=\"25dca9\" data-element_type=\"container\" data-e-type=\"container\" data-settings=\"{&quot;background_background&quot;:&quot;classic&quot;}\">\n\t\t\t\t\t<div class=\"e-con-inner\">\n\t\t<div class=\"elementor-element elementor-element-14aba24d e-con-full e-flex e-con e-child\" data-id=\"14aba24d\" data-element_type=\"container\" data-e-type=\"container\">\n\t\t\t\t<div class=\"elementor-element elementor-element-5296a587 elementor-widget elementor-widget-heading\" data-id=\"5296a587\" data-element_type=\"widget\" data-e-type=\"widget\" data-widget_type=\"heading.default\">\n\t\t\t\t\t<h2 class=\"elementor-heading-title elementor-size-default\">Tiago Soares<\/h2>\t\t\t\t<\/div>\n\t\t\t\t<div class=\"elementor-element elementor-element-65d1a6b6 elementor-widget-divider--view-line elementor-widget elementor-widget-divider\" data-id=\"65d1a6b6\" data-element_type=\"widget\" data-e-type=\"widget\" data-widget_type=\"divider.default\">\n\t\t\t\t\t\t\t<div class=\"elementor-divider\">\n\t\t\t<span class=\"elementor-divider-separator\">\n\t\t\t\t\t\t<\/span>\n\t\t<\/div>\n\t\t\t\t\t\t<\/div>\n\t\t\t\t<div class=\"elementor-element elementor-element-4fccff3f elementor-widget elementor-widget-heading\" data-id=\"4fccff3f\" data-element_type=\"widget\" data-e-type=\"widget\" data-widget_type=\"heading.default\">\n\t\t\t\t\t<p class=\"elementor-heading-title elementor-size-default\">T\u00e9l: 621 169 52<\/p>\t\t\t\t<\/div>\n\t\t\t\t<\/div>\n\t\t<div class=\"elementor-element elementor-element-52810251 e-con-full e-flex e-con e-child\" data-id=\"52810251\" data-element_type=\"container\" data-e-type=\"container\">\n\t\t\t\t<div class=\"elementor-element elementor-element-4ef11804 elementor-widget elementor-widget-image\" data-id=\"4ef11804\" data-element_type=\"widget\" data-e-type=\"widget\" data-widget_type=\"image.default\">\n\t\t\t\t\t\t\t\t\t\t\t\t\t\t\t<img fetchpriority=\"high\" width=\"1024\" height=\"682\" class=\"attachment-large size-large wp-image-8 lws-optimize-lazyload\" alt=\"A modern construction site with cranes against a clear blue sky, showcasing urban development.\" srcset=\"https:\/\/laconstruction.lu\/wp-content\/uploads\/2026\/04\/pexels-photo-36065437-1024x682.jpeg 1024w, https:\/\/laconstruction.lu\/wp-content\/uploads\/2026\/04\/pexels-photo-36065437-300x200.jpeg 300w, https:\/\/laconstruction.lu\/wp-content\/uploads\/2026\/04\/pexels-photo-36065437-768x512.jpeg 768w, https:\/\/laconstruction.lu\/wp-content\/uploads\/2026\/04\/pexels-photo-36065437.jpeg 1280w\" sizes=\"(max-width: 1024px) 100vw, 1024px\" data-src=\"https:\/\/laconstruction.lu\/wp-content\/uploads\/2026\/04\/pexels-photo-36065437-1024x682.jpeg\" title=\"Notre \u00e9quipe\">\t\t\t\t\t\t\t\t\t\t\t\t\t\t\t<\/div>\n\t\t\t\t<\/div>\n\t\t\t\t\t<\/div>\n\t\t\t\t<\/div>\n\t\t<div class=\"elementor-element elementor-element-3be53744 e-flex e-con-boxed e-con e-parent\" data-id=\"3be53744\" data-element_type=\"container\" data-e-type=\"container\" data-settings=\"{&quot;background_background&quot;:&quot;classic&quot;}\">\n\t\t\t\t\t<div class=\"e-con-inner\">\n\t\t<div class=\"elementor-element elementor-element-557c1f5c e-con-full e-flex e-con e-child\" data-id=\"557c1f5c\" data-element_type=\"container\" data-e-type=\"container\">\n\t\t\t\t<div class=\"elementor-element elementor-element-68a8e96f elementor-widget elementor-widget-image\" data-id=\"68a8e96f\" data-element_type=\"widget\" data-e-type=\"widget\" data-widget_type=\"image.default\">\n\t\t\t\t\t\t\t\t\t\t\t\t\t\t\t<img width=\"1024\" height=\"682\" class=\"attachment-large size-large wp-image-9 lws-optimize-lazyload\" alt=\"Close-up of an excavator working on road construction, showcasing the industrial process.\" srcset=\"https:\/\/laconstruction.lu\/wp-content\/uploads\/2026\/04\/street-building-construction-industry-1024x682.jpg 1024w, https:\/\/laconstruction.lu\/wp-content\/uploads\/2026\/04\/street-building-construction-industry-300x200.jpg 300w, https:\/\/laconstruction.lu\/wp-content\/uploads\/2026\/04\/street-building-construction-industry-768x512.jpg 768w, https:\/\/laconstruction.lu\/wp-content\/uploads\/2026\/04\/street-building-construction-industry.jpg 1280w\" sizes=\"(max-width: 1024px) 100vw, 1024px\" data-src=\"https:\/\/laconstruction.lu\/wp-content\/uploads\/2026\/04\/street-building-construction-industry-1024x682.jpg\" title=\"Notre \u00e9quipe\">\t\t\t\t\t\t\t\t\t\t\t\t\t\t\t<\/div>\n\t\t\t\t<\/div>\n\t\t<div class=\"elementor-element elementor-element-57c1675f e-con-full e-flex e-con e-child\" data-id=\"57c1675f\" data-element_type=\"container\" data-e-type=\"container\">\n\t\t\t\t<div class=\"elementor-element elementor-element-684e55cd elementor-widget elementor-widget-heading\" data-id=\"684e55cd\" data-element_type=\"widget\" data-e-type=\"widget\" data-widget_type=\"heading.default\">\n\t\t\t\t\t<h2 class=\"elementor-heading-title elementor-size-default\">Antonio Micucci<\/h2>\t\t\t\t<\/div>\n\t\t\t\t<div class=\"elementor-element elementor-element-7337ec7b elementor-widget-divider--view-line elementor-widget elementor-widget-divider\" data-id=\"7337ec7b\" data-element_type=\"widget\" data-e-type=\"widget\" data-widget_type=\"divider.default\">\n\t\t\t\t\t\t\t<div class=\"elementor-divider\">\n\t\t\t<span class=\"elementor-divider-separator\">\n\t\t\t\t\t\t<\/span>\n\t\t<\/div>\n\t\t\t\t\t\t<\/div>\n\t\t\t\t<div class=\"elementor-element elementor-element-f72123c elementor-widget elementor-widget-heading\" data-id=\"f72123c\" data-element_type=\"widget\" data-e-type=\"widget\" data-widget_type=\"heading.default\">\n\t\t\t\t\t<p class=\"elementor-heading-title elementor-size-default\">T\u00e9l: 621 293 287<\/p>\t\t\t\t<\/div>\n\t\t\t\t<\/div>\n\t\t\t\t\t<\/div>\n\t\t\t\t<\/div>\n\t\t<div class=\"elementor-element elementor-element-2e7e93e8 e-flex e-con-boxed e-con e-parent\" data-id=\"2e7e93e8\" data-element_type=\"container\" data-e-type=\"container\" data-settings=\"{&quot;background_background&quot;:&quot;classic&quot;}\">\n\t\t\t\t\t<div class=\"e-con-inner\">\n\t\t<div class=\"elementor-element elementor-element-4f82d481 e-con-full e-flex e-con e-child\" data-id=\"4f82d481\" data-element_type=\"container\" data-e-type=\"container\">\n\t\t\t\t<div class=\"elementor-element elementor-element-5e52a0f3 elementor-widget elementor-widget-heading\" data-id=\"5e52a0f3\" data-element_type=\"widget\" data-e-type=\"widget\" data-widget_type=\"heading.default\">\n\t\t\t\t\t<h2 class=\"elementor-heading-title elementor-size-default\">Pierre Spagnulo<\/h2>\t\t\t\t<\/div>\n\t\t\t\t<div class=\"elementor-element elementor-element-556c7002 elementor-widget-divider--view-line elementor-widget elementor-widget-divider\" data-id=\"556c7002\" data-element_type=\"widget\" data-e-type=\"widget\" data-widget_type=\"divider.default\">\n\t\t\t\t\t\t\t<div class=\"elementor-divider\">\n\t\t\t<span class=\"elementor-divider-separator\">\n\t\t\t\t\t\t<\/span>\n\t\t<\/div>\n\t\t\t\t\t\t<\/div>\n\t\t\t\t<div class=\"elementor-element elementor-element-222c6237 elementor-widget elementor-widget-heading\" data-id=\"222c6237\" data-element_type=\"widget\" data-e-type=\"widget\" data-widget_type=\"heading.default\">\n\t\t\t\t\t<p class=\"elementor-heading-title elementor-size-default\">T\u00e9l: 621 695 313<\/p>\t\t\t\t<\/div>\n\t\t\t\t<\/div>\n\t\t<div class=\"elementor-element elementor-element-3471e692 e-con-full e-flex e-con e-child\" data-id=\"3471e692\" data-element_type=\"container\" data-e-type=\"container\">\n\t\t\t\t<div class=\"elementor-element elementor-element-560e5710 elementor-widget elementor-widget-image\" data-id=\"560e5710\" data-element_type=\"widget\" data-e-type=\"widget\" data-widget_type=\"image.default\">\n\t\t\t\t\t\t\t\t\t\t\t\t\t\t\t<img width=\"1024\" height=\"682\" class=\"attachment-large size-large wp-image-10 lws-optimize-lazyload\" alt=\"Workers in high visibility gear at a busy construction site with scaffolding and steel frames.\" srcset=\"https:\/\/laconstruction.lu\/wp-content\/uploads\/2026\/04\/pexels-photo-2383649-1024x682.jpeg 1024w, https:\/\/laconstruction.lu\/wp-content\/uploads\/2026\/04\/pexels-photo-2383649-300x200.jpeg 300w, https:\/\/laconstruction.lu\/wp-content\/uploads\/2026\/04\/pexels-photo-2383649-768x512.jpeg 768w, https:\/\/laconstruction.lu\/wp-content\/uploads\/2026\/04\/pexels-photo-2383649.jpeg 1280w\" sizes=\"(max-width: 1024px) 100vw, 1024px\" data-src=\"https:\/\/laconstruction.lu\/wp-content\/uploads\/2026\/04\/pexels-photo-2383649-1024x682.jpeg\" title=\"Notre \u00e9quipe\">\t\t\t\t\t\t\t\t\t\t\t\t\t\t\t<\/div>\n\t\t\t\t<\/div>\n\t\t\t\t\t<\/div>\n\t\t\t\t<\/div>\n\t\t<div class=\"elementor-element elementor-element-16768b74 e-flex e-con-boxed e-con e-parent\" data-id=\"16768b74\" data-element_type=\"container\" data-e-type=\"container\" data-settings=\"{&quot;background_background&quot;:&quot;classic&quot;}\">\n\t\t\t\t\t<div class=\"e-con-inner\">\n\t\t<div class=\"elementor-element elementor-element-30cb3651 e-con-full e-flex e-con e-child\" data-id=\"30cb3651\" data-element_type=\"container\" data-e-type=\"container\">\n\t\t\t\t<div class=\"elementor-element elementor-element-6aafe78d elementor-widget elementor-widget-image\" data-id=\"6aafe78d\" data-element_type=\"widget\" data-e-type=\"widget\" data-widget_type=\"image.default\">\n\t\t\t\t\t\t\t\t\t\t\t\t\t\t\t<img loading=\"lazy\" width=\"683\" height=\"1024\" class=\"attachment-large size-large wp-image-11 lws-optimize-lazyload\" alt=\"Two workers standing on scaffolding at a construction site in black and white.\" srcset=\"https:\/\/laconstruction.lu\/wp-content\/uploads\/2026\/04\/pexels-photo-36296407-683x1024.jpeg 683w, https:\/\/laconstruction.lu\/wp-content\/uploads\/2026\/04\/pexels-photo-36296407-200x300.jpeg 200w, https:\/\/laconstruction.lu\/wp-content\/uploads\/2026\/04\/pexels-photo-36296407.jpeg 700w\" sizes=\"(max-width: 683px) 100vw, 683px\" data-src=\"https:\/\/laconstruction.lu\/wp-content\/uploads\/2026\/04\/pexels-photo-36296407-683x1024.jpeg\" title=\"Notre \u00e9quipe\">\t\t\t\t\t\t\t\t\t\t\t\t\t\t\t<\/div>\n\t\t\t\t<\/div>\n\t\t<div class=\"elementor-element elementor-element-626a7c7b e-con-full e-flex e-con e-child\" data-id=\"626a7c7b\" data-element_type=\"container\" data-e-type=\"container\">\n\t\t\t\t<div class=\"elementor-element elementor-element-745bd1a5 elementor-widget elementor-widget-heading\" data-id=\"745bd1a5\" data-element_type=\"widget\" data-e-type=\"widget\" data-widget_type=\"heading.default\">\n\t\t\t\t\t<h2 class=\"elementor-heading-title elementor-size-default\">Luca Micucci<\/h2>\t\t\t\t<\/div>\n\t\t\t\t<div class=\"elementor-element elementor-element-4f97193e elementor-widget-divider--view-line elementor-widget elementor-widget-divider\" data-id=\"4f97193e\" data-element_type=\"widget\" data-e-type=\"widget\" data-widget_type=\"divider.default\">\n\t\t\t\t\t\t\t<div class=\"elementor-divider\">\n\t\t\t<span class=\"elementor-divider-separator\">\n\t\t\t\t\t\t<\/span>\n\t\t<\/div>\n\t\t\t\t\t\t<\/div>\n\t\t\t\t<div class=\"elementor-element elementor-element-7cb9a7fe elementor-widget elementor-widget-heading\" data-id=\"7cb9a7fe\" data-element_type=\"widget\" data-e-type=\"widget\" data-widget_type=\"heading.default\">\n\t\t\t\t\t<p class=\"elementor-heading-title elementor-size-default\">T\u00e9l: 621 521 515<\/p>\t\t\t\t<\/div>\n\t\t\t\t<\/div>\n\t\t\t\t\t<\/div>\n\t\t\t\t<\/div>\n\t\t<div class=\"elementor-element elementor-element-33ed5e9c e-flex e-con-boxed e-con e-parent\" data-id=\"33ed5e9c\" data-element_type=\"container\" data-e-type=\"container\" data-settings=\"{&quot;background_background&quot;:&quot;classic&quot;}\">\n\t\t\t\t\t<div class=\"e-con-inner\">\n\t\t\t\t<div class=\"elementor-element elementor-element-5238884b elementor-widget-divider--view-line elementor-widget elementor-widget-divider\" data-id=\"5238884b\" data-element_type=\"widget\" data-e-type=\"widget\" data-widget_type=\"divider.default\">\n\t\t\t\t\t\t\t<div class=\"elementor-divider\">\n\t\t\t<span class=\"elementor-divider-separator\">\n\t\t\t\t\t\t<\/span>\n\t\t<\/div>\n\t\t\t\t\t\t<\/div>\n\t\t\t\t<div class=\"elementor-element elementor-element-628cac92 elementor-widget elementor-widget-icon-box\" data-id=\"628cac92\" data-element_type=\"widget\" data-e-type=\"widget\" data-widget_type=\"icon-box.default\">\n\t\t\t\t\t\t\t<div class=\"elementor-icon-box-wrapper\">\n\n\t\t\t\n\t\t\t\t\t\t<div class=\"elementor-icon-box-content\">\n\n\t\t\t\t\t\t\t\t\t<h2 class=\"elementor-icon-box-title\">\n\t\t\t\t\t\t<span  >\n\t\t\t\t\t\t\tPr\u00eat \u00e0 d\u00e9marrer votre projet ?\u200b\t\t\t\t\t\t<\/span>\n\t\t\t\t\t<\/h2>\n\t\t\t\t\n\t\t\t\t\t\t\t\t\t<p class=\"elementor-icon-box-description\">\n\t\t\t\t\t\t\u00c9changeons sur vos id\u00e9es et laissez-nous construire votre r\u00eave ensemble.\t\t\t\t\t<\/p>\n\t\t\t\t\n\t\t\t<\/div>\n\t\t\t\n\t\t<\/div>\n\t\t\t\t\t\t<\/div>\n\t\t\t\t<div class=\"elementor-element elementor-element-38590b4b elementor-align-center elementor-widget elementor-widget-button\" data-id=\"38590b4b\" data-element_type=\"widget\" data-e-type=\"widget\" data-widget_type=\"button.default\">\n\t\t\t\t\t\t\t\t\t\t<a class=\"elementor-button elementor-button-link elementor-size-sm\" href=\"\/en\/contact\/\">\n\t\t\t\t\t\t<span class=\"elementor-button-content-wrapper\">\n\t\t\t\t\t\t\t\t\t<span class=\"elementor-button-text\">Demandez un devis<\/span>\n\t\t\t\t\t<\/span>\n\t\t\t\t\t<\/a>\n\t\t\t\t\t\t\t\t<\/div>\n\t\t\t\t\t<\/div>\n\t\t\t\t<\/div>\n\t\t\t\t<\/div>","protected":false},"excerpt":{"rendered":"<p>On vous pr\u00e9sente notre \u00e9quipe Tiago Soares T\u00e9l: 621 169 52 Antonio Micucci T\u00e9l: 621 293 287 Pierre Spagnulo T\u00e9l: [&hellip;]<\/p>\n","protected":false},"author":1,"featured_media":0,"parent":0,"menu_order":0,"comment_status":"closed","ping_status":"closed","template":"","meta":{"site-sidebar-layout":"no-sidebar","site-content-layout":"","ast-site-content-layout":"full-width-container","site-content-style":"default","site-sidebar-style":"default","ast-global-header-display":"","ast-banner-title-visibility":"","ast-main-header-display":"","ast-hfb-above-header-display":"","ast-hfb-below-header-display":"","ast-hfb-mobile-header-display":"","site-post-title":"","ast-breadcrumbs-content":"","ast-featured-img":"disabled","footer-sml-layout":"","ast-disable-related-posts":"","theme-transparent-header-meta":"","adv-header-id-meta":"","stick-header-meta":"","header-above-stick-meta":"","header-main-stick-meta":"","header-below-stick-meta":"","astra-migrate-meta-layouts":"default","ast-page-background-enabled":"default","ast-page-background-meta":{"desktop":{"background-color":"var(--ast-global-color-5)","background-image":"","background-repeat":"repeat","background-position":"center center","background-size":"auto","background-attachment":"scroll","background-type":"","background-media":"","overlay-type":"","overlay-color":"","overlay-opacity":"","overlay-gradient":""},"tablet":{"background-color":"","background-image":"","background-repeat":"repeat","background-position":"center center","background-size":"auto","background-attachment":"scroll","background-type":"","background-media":"","overlay-type":"","overlay-color":"","overlay-opacity":"","overlay-gradient":""},"mobile":{"background-color":"","background-image":"","background-repeat":"repeat","background-position":"center center","background-size":"auto","background-attachment":"scroll","background-type":"","background-media":"","overlay-type":"","overlay-color":"","overlay-opacity":"","overlay-gradient":""}},"ast-content-background-meta":{"desktop":{"background-color":"var(--ast-global-color-4)","background-image":"","background-repeat":"repeat","background-position":"center center","background-size":"auto","background-attachment":"scroll","background-type":"","background-media":"","overlay-type":"","overlay-color":"","overlay-opacity":"","overlay-gradient":""},"tablet":{"background-color":"var(--ast-global-color-4)","background-image":"","background-repeat":"repeat","background-position":"center center","background-size":"auto","background-attachment":"scroll","background-type":"","background-media":"","overlay-type":"","overlay-color":"","overlay-opacity":"","overlay-gradient":""},"mobile":{"background-color":"var(--ast-global-color-4)","background-image":"","background-repeat":"repeat","background-position":"center center","background-size":"auto","background-attachment":"scroll","background-type":"","background-media":"","overlay-type":"","overlay-color":"","overlay-opacity":"","overlay-gradient":""}},"footnotes":""},"class_list":["post-732","page","type-page","status-publish","hentry"],"_links":{"self":[{"href":"https:\/\/laconstruction.lu\/en\/wp-json\/wp\/v2\/pages\/732","targetHints":{"allow":["GET"]}}],"collection":[{"href":"https:\/\/laconstruction.lu\/en\/wp-json\/wp\/v2\/pages"}],"about":[{"href":"https:\/\/laconstruction.lu\/en\/wp-json\/wp\/v2\/types\/page"}],"author":[{"embeddable":true,"href":"https:\/\/laconstruction.lu\/en\/wp-json\/wp\/v2\/users\/1"}],"replies":[{"embeddable":true,"href":"https:\/\/laconstruction.lu\/en\/wp-json\/wp\/v2\/comments?post=732"}],"version-history":[{"count":17,"href":"https:\/\/laconstruction.lu\/en\/wp-json\/wp\/v2\/pages\/732\/revisions"}],"predecessor-version":[{"id":837,"href":"https:\/\/laconstruction.lu\/en\/wp-json\/wp\/v2\/pages\/732\/revisions\/837"}],"wp:attachment":[{"href":"https:\/\/laconstruction.lu\/en\/wp-json\/wp\/v2\/media?parent=732"}],"curies":[{"name":"wp","href":"https:\/\/api.w.org\/{rel}","templated":true}]}}