{"id":278,"date":"2026-04-01T09:14:51","date_gmt":"2026-04-01T07:14:51","guid":{"rendered":"https:\/\/laconstruction.lu\/services\/"},"modified":"2026-04-01T09:15:29","modified_gmt":"2026-04-01T07:15:29","slug":"services","status":"publish","type":"page","link":"https:\/\/laconstruction.lu\/en\/services\/","title":{"rendered":"Services"},"content":{"rendered":"<div data-elementor-type=\"wp-page\" data-elementor-id=\"278\" class=\"elementor elementor-278\">\n\t\t\t\t<div class=\"elementor-element elementor-element-b23b4f5 e-flex e-con-boxed e-con e-parent\" data-id=\"b23b4f5\" data-element_type=\"container\" data-e-type=\"container\" data-settings=\"{&quot;background_background&quot;:&quot;classic&quot;}\">\n\t\t\t\t\t<div class=\"e-con-inner\">\n\t\t\t\t<div class=\"elementor-element elementor-element-56c54d3 elementor-widget elementor-widget-heading\" data-id=\"56c54d3\" data-element_type=\"widget\" data-e-type=\"widget\" data-widget_type=\"heading.default\">\n\t\t\t\t\t<p class=\"elementor-heading-title elementor-size-default\">Services<\/p>\t\t\t\t<\/div>\n\t\t\t\t<div class=\"elementor-element elementor-element-2ef2ab9 elementor-widget elementor-widget-heading\" data-id=\"2ef2ab9\" data-element_type=\"widget\" data-e-type=\"widget\" data-widget_type=\"heading.default\">\n\t\t\t\t\t<h1 class=\"elementor-heading-title elementor-size-default\">Nos Services de Construction de Qualit\u00e9<\/h1>\t\t\t\t<\/div>\n\t\t\t\t<div class=\"elementor-element elementor-element-5df4444 elementor-widget-divider--view-line elementor-widget elementor-widget-divider\" data-id=\"5df4444\" data-element_type=\"widget\" data-e-type=\"widget\" data-widget_type=\"divider.default\">\n\t\t\t\t\t\t\t<div class=\"elementor-divider\">\n\t\t\t<span class=\"elementor-divider-separator\">\n\t\t\t\t\t\t<\/span>\n\t\t<\/div>\n\t\t\t\t\t\t<\/div>\n\t\t\t\t\t<\/div>\n\t\t\t\t<\/div>\n\t\t<div class=\"elementor-element elementor-element-9c5c9eb e-flex e-con-boxed e-con e-parent\" data-id=\"9c5c9eb\" data-element_type=\"container\" data-e-type=\"container\" data-settings=\"{&quot;background_background&quot;:&quot;classic&quot;}\">\n\t\t\t\t\t<div class=\"e-con-inner\">\n\t\t<div class=\"elementor-element elementor-element-7a818be e-con-full e-flex e-con e-child\" data-id=\"7a818be\" data-element_type=\"container\" data-e-type=\"container\">\n\t\t\t\t<div class=\"elementor-element elementor-element-ca3b540 elementor-widget elementor-widget-heading\" data-id=\"ca3b540\" data-element_type=\"widget\" data-e-type=\"widget\" data-widget_type=\"heading.default\">\n\t\t\t\t\t<h2 class=\"elementor-heading-title elementor-size-default\">Construction R\u00e9sidentielle<\/h2>\t\t\t\t<\/div>\n\t\t\t\t<div class=\"elementor-element elementor-element-79ce7b9 elementor-widget-divider--view-line elementor-widget elementor-widget-divider\" data-id=\"79ce7b9\" data-element_type=\"widget\" data-e-type=\"widget\" data-widget_type=\"divider.default\">\n\t\t\t\t\t\t\t<div class=\"elementor-divider\">\n\t\t\t<span class=\"elementor-divider-separator\">\n\t\t\t\t\t\t<\/span>\n\t\t<\/div>\n\t\t\t\t\t\t<\/div>\n\t\t\t\t<div class=\"elementor-element elementor-element-3a8050b elementor-widget elementor-widget-heading\" data-id=\"3a8050b\" data-element_type=\"widget\" data-e-type=\"widget\" data-widget_type=\"heading.default\">\n\t\t\t\t\t<p class=\"elementor-heading-title elementor-size-default\">Notre \u00e9quipe est sp\u00e9cialis\u00e9e dans la construction r\u00e9sidentielle, offrant des designs contemporains et des mat\u00e9riaux de qualit\u00e9 pour cr\u00e9er votre maison id\u00e9ale.<\/p>\t\t\t\t<\/div>\n\t\t\t\t<\/div>\n\t\t<div class=\"elementor-element elementor-element-24ae8bf e-con-full e-flex e-con e-child\" data-id=\"24ae8bf\" data-element_type=\"container\" data-e-type=\"container\">\n\t\t\t\t<div class=\"elementor-element elementor-element-3da6410 elementor-widget elementor-widget-image\" data-id=\"3da6410\" data-element_type=\"widget\" data-e-type=\"widget\" data-widget_type=\"image.default\">\n\t\t\t\t\t\t\t\t\t\t\t\t\t\t\t<img fetchpriority=\"high\" width=\"1024\" height=\"682\" class=\"attachment-large size-large wp-image-8 lws-optimize-lazyload\" alt=\"A modern construction site with cranes against a clear blue sky, showcasing urban development.\" srcset=\"https:\/\/laconstruction.lu\/wp-content\/uploads\/2026\/04\/pexels-photo-36065437-1024x682.jpeg 1024w, https:\/\/laconstruction.lu\/wp-content\/uploads\/2026\/04\/pexels-photo-36065437-300x200.jpeg 300w, https:\/\/laconstruction.lu\/wp-content\/uploads\/2026\/04\/pexels-photo-36065437-768x512.jpeg 768w, https:\/\/laconstruction.lu\/wp-content\/uploads\/2026\/04\/pexels-photo-36065437.jpeg 1280w\" sizes=\"(max-width: 1024px) 100vw, 1024px\" data-src=\"https:\/\/laconstruction.lu\/wp-content\/uploads\/2026\/04\/pexels-photo-36065437-1024x682.jpeg\" title=\"Services\">\t\t\t\t\t\t\t\t\t\t\t\t\t\t\t<\/div>\n\t\t\t\t<\/div>\n\t\t\t\t\t<\/div>\n\t\t\t\t<\/div>\n\t\t<div class=\"elementor-element elementor-element-c2f3cc2 e-flex e-con-boxed e-con e-parent\" data-id=\"c2f3cc2\" data-element_type=\"container\" data-e-type=\"container\" data-settings=\"{&quot;background_background&quot;:&quot;classic&quot;}\">\n\t\t\t\t\t<div class=\"e-con-inner\">\n\t\t<div class=\"elementor-element elementor-element-9f0718f e-con-full e-flex e-con e-child\" data-id=\"9f0718f\" data-element_type=\"container\" data-e-type=\"container\">\n\t\t\t\t<div class=\"elementor-element elementor-element-138e9a3 elementor-widget elementor-widget-image\" data-id=\"138e9a3\" data-element_type=\"widget\" data-e-type=\"widget\" data-widget_type=\"image.default\">\n\t\t\t\t\t\t\t\t\t\t\t\t\t\t\t<img width=\"1024\" height=\"682\" class=\"attachment-large size-large wp-image-9 lws-optimize-lazyload\" alt=\"Close-up of an excavator working on road construction, showcasing the industrial process.\" srcset=\"https:\/\/laconstruction.lu\/wp-content\/uploads\/2026\/04\/street-building-construction-industry-1024x682.jpg 1024w, https:\/\/laconstruction.lu\/wp-content\/uploads\/2026\/04\/street-building-construction-industry-300x200.jpg 300w, https:\/\/laconstruction.lu\/wp-content\/uploads\/2026\/04\/street-building-construction-industry-768x512.jpg 768w, https:\/\/laconstruction.lu\/wp-content\/uploads\/2026\/04\/street-building-construction-industry.jpg 1280w\" sizes=\"(max-width: 1024px) 100vw, 1024px\" data-src=\"https:\/\/laconstruction.lu\/wp-content\/uploads\/2026\/04\/street-building-construction-industry-1024x682.jpg\" title=\"Services\">\t\t\t\t\t\t\t\t\t\t\t\t\t\t\t<\/div>\n\t\t\t\t<\/div>\n\t\t<div class=\"elementor-element elementor-element-09a3cb0 e-con-full e-flex e-con e-child\" data-id=\"09a3cb0\" data-element_type=\"container\" data-e-type=\"container\">\n\t\t\t\t<div class=\"elementor-element elementor-element-4bd2c30 elementor-widget elementor-widget-heading\" data-id=\"4bd2c30\" data-element_type=\"widget\" data-e-type=\"widget\" data-widget_type=\"heading.default\">\n\t\t\t\t\t<h2 class=\"elementor-heading-title elementor-size-default\">R\u00e9novation<\/h2>\t\t\t\t<\/div>\n\t\t\t\t<div class=\"elementor-element elementor-element-71cbb26 elementor-widget-divider--view-line elementor-widget elementor-widget-divider\" data-id=\"71cbb26\" data-element_type=\"widget\" data-e-type=\"widget\" data-widget_type=\"divider.default\">\n\t\t\t\t\t\t\t<div class=\"elementor-divider\">\n\t\t\t<span class=\"elementor-divider-separator\">\n\t\t\t\t\t\t<\/span>\n\t\t<\/div>\n\t\t\t\t\t\t<\/div>\n\t\t\t\t<div class=\"elementor-element elementor-element-9469ae9 elementor-widget elementor-widget-heading\" data-id=\"9469ae9\" data-element_type=\"widget\" data-e-type=\"widget\" data-widget_type=\"heading.default\">\n\t\t\t\t\t<p class=\"elementor-heading-title elementor-size-default\">Avec notre savoir-faire, nous renouvelons vos int\u00e9rieurs et ext\u00e9rieurs, am\u00e9liorant \u00e0 la fois l'esth\u00e9tique et la fonctionnalit\u00e9 tout en pr\u00e9servant le charme original.<\/p>\t\t\t\t<\/div>\n\t\t\t\t<\/div>\n\t\t\t\t\t<\/div>\n\t\t\t\t<\/div>\n\t\t<div class=\"elementor-element elementor-element-79ffed0 e-flex e-con-boxed e-con e-parent\" data-id=\"79ffed0\" data-element_type=\"container\" data-e-type=\"container\" data-settings=\"{&quot;background_background&quot;:&quot;classic&quot;}\">\n\t\t\t\t\t<div class=\"e-con-inner\">\n\t\t<div class=\"elementor-element elementor-element-b221a4a e-con-full e-flex e-con e-child\" data-id=\"b221a4a\" data-element_type=\"container\" data-e-type=\"container\">\n\t\t\t\t<div class=\"elementor-element elementor-element-6f52034 elementor-widget elementor-widget-heading\" data-id=\"6f52034\" data-element_type=\"widget\" data-e-type=\"widget\" data-widget_type=\"heading.default\">\n\t\t\t\t\t<h2 class=\"elementor-heading-title elementor-size-default\">Am\u00e9nagement Ext\u00e9rieur<\/h2>\t\t\t\t<\/div>\n\t\t\t\t<div class=\"elementor-element elementor-element-76a7f55 elementor-widget-divider--view-line elementor-widget elementor-widget-divider\" data-id=\"76a7f55\" data-element_type=\"widget\" data-e-type=\"widget\" data-widget_type=\"divider.default\">\n\t\t\t\t\t\t\t<div class=\"elementor-divider\">\n\t\t\t<span class=\"elementor-divider-separator\">\n\t\t\t\t\t\t<\/span>\n\t\t<\/div>\n\t\t\t\t\t\t<\/div>\n\t\t\t\t<div class=\"elementor-element elementor-element-92db691 elementor-widget elementor-widget-heading\" data-id=\"92db691\" data-element_type=\"widget\" data-e-type=\"widget\" data-widget_type=\"heading.default\">\n\t\t\t\t\t<p class=\"elementor-heading-title elementor-size-default\">Nous concevons des jardins, terrasses et all\u00e9es sur mesure, afin d'optimiser votre espace ext\u00e9rieur tout en respectant l'environnement et votre style de vie.<\/p>\t\t\t\t<\/div>\n\t\t\t\t<\/div>\n\t\t<div class=\"elementor-element elementor-element-c3c8fa4 e-con-full e-flex e-con e-child\" data-id=\"c3c8fa4\" data-element_type=\"container\" data-e-type=\"container\">\n\t\t\t\t<div class=\"elementor-element elementor-element-fb42db5 elementor-widget elementor-widget-image\" data-id=\"fb42db5\" data-element_type=\"widget\" data-e-type=\"widget\" data-widget_type=\"image.default\">\n\t\t\t\t\t\t\t\t\t\t\t\t\t\t\t<img width=\"1024\" height=\"682\" class=\"attachment-large size-large wp-image-10 lws-optimize-lazyload\" alt=\"Workers in high visibility gear at a busy construction site with scaffolding and steel frames.\" srcset=\"https:\/\/laconstruction.lu\/wp-content\/uploads\/2026\/04\/pexels-photo-2383649-1024x682.jpeg 1024w, https:\/\/laconstruction.lu\/wp-content\/uploads\/2026\/04\/pexels-photo-2383649-300x200.jpeg 300w, https:\/\/laconstruction.lu\/wp-content\/uploads\/2026\/04\/pexels-photo-2383649-768x512.jpeg 768w, https:\/\/laconstruction.lu\/wp-content\/uploads\/2026\/04\/pexels-photo-2383649.jpeg 1280w\" sizes=\"(max-width: 1024px) 100vw, 1024px\" data-src=\"https:\/\/laconstruction.lu\/wp-content\/uploads\/2026\/04\/pexels-photo-2383649-1024x682.jpeg\" title=\"Services\">\t\t\t\t\t\t\t\t\t\t\t\t\t\t\t<\/div>\n\t\t\t\t<\/div>\n\t\t\t\t\t<\/div>\n\t\t\t\t<\/div>\n\t\t<div class=\"elementor-element elementor-element-f8bbea1 e-flex e-con-boxed e-con e-parent\" data-id=\"f8bbea1\" data-element_type=\"container\" data-e-type=\"container\" data-settings=\"{&quot;background_background&quot;:&quot;classic&quot;}\">\n\t\t\t\t\t<div class=\"e-con-inner\">\n\t\t<div class=\"elementor-element elementor-element-56bd74c e-con-full e-flex e-con e-child\" data-id=\"56bd74c\" data-element_type=\"container\" data-e-type=\"container\">\n\t\t\t\t<div class=\"elementor-element elementor-element-a518141 elementor-widget elementor-widget-image\" data-id=\"a518141\" data-element_type=\"widget\" data-e-type=\"widget\" data-widget_type=\"image.default\">\n\t\t\t\t\t\t\t\t\t\t\t\t\t\t\t<img loading=\"lazy\" width=\"683\" height=\"1024\" class=\"attachment-large size-large wp-image-11 lws-optimize-lazyload\" alt=\"Two workers standing on scaffolding at a construction site in black and white.\" srcset=\"https:\/\/laconstruction.lu\/wp-content\/uploads\/2026\/04\/pexels-photo-36296407-683x1024.jpeg 683w, https:\/\/laconstruction.lu\/wp-content\/uploads\/2026\/04\/pexels-photo-36296407-200x300.jpeg 200w, https:\/\/laconstruction.lu\/wp-content\/uploads\/2026\/04\/pexels-photo-36296407.jpeg 700w\" sizes=\"(max-width: 683px) 100vw, 683px\" data-src=\"https:\/\/laconstruction.lu\/wp-content\/uploads\/2026\/04\/pexels-photo-36296407-683x1024.jpeg\" title=\"Services\">\t\t\t\t\t\t\t\t\t\t\t\t\t\t\t<\/div>\n\t\t\t\t<\/div>\n\t\t<div class=\"elementor-element elementor-element-75bd730 e-con-full e-flex e-con e-child\" data-id=\"75bd730\" data-element_type=\"container\" data-e-type=\"container\">\n\t\t\t\t<div class=\"elementor-element elementor-element-0c8183b elementor-widget elementor-widget-heading\" data-id=\"0c8183b\" data-element_type=\"widget\" data-e-type=\"widget\" data-widget_type=\"heading.default\">\n\t\t\t\t\t<h2 class=\"elementor-heading-title elementor-size-default\">Consultation et Devis<\/h2>\t\t\t\t<\/div>\n\t\t\t\t<div class=\"elementor-element elementor-element-10c450d elementor-widget-divider--view-line elementor-widget elementor-widget-divider\" data-id=\"10c450d\" data-element_type=\"widget\" data-e-type=\"widget\" data-widget_type=\"divider.default\">\n\t\t\t\t\t\t\t<div class=\"elementor-divider\">\n\t\t\t<span class=\"elementor-divider-separator\">\n\t\t\t\t\t\t<\/span>\n\t\t<\/div>\n\t\t\t\t\t\t<\/div>\n\t\t\t\t<div class=\"elementor-element elementor-element-108a541 elementor-widget elementor-widget-heading\" data-id=\"108a541\" data-element_type=\"widget\" data-e-type=\"widget\" data-widget_type=\"heading.default\">\n\t\t\t\t\t<p class=\"elementor-heading-title elementor-size-default\">Nous offrons des services de consultation pour comprendre vos besoins, suivis de devis d\u00e9taill\u00e9s afin de vous guider dans chaque \u00e9tape de votre projet de construction.<\/p>\t\t\t\t<\/div>\n\t\t\t\t<\/div>\n\t\t\t\t\t<\/div>\n\t\t\t\t<\/div>\n\t\t<div class=\"elementor-element elementor-element-d58dac2 e-flex e-con-boxed e-con e-parent\" data-id=\"d58dac2\" data-element_type=\"container\" data-e-type=\"container\" data-settings=\"{&quot;background_background&quot;:&quot;classic&quot;}\">\n\t\t\t\t\t<div class=\"e-con-inner\">\n\t\t\t\t<div class=\"elementor-element elementor-element-d5b638e elementor-widget-divider--view-line elementor-widget elementor-widget-divider\" data-id=\"d5b638e\" data-element_type=\"widget\" data-e-type=\"widget\" data-widget_type=\"divider.default\">\n\t\t\t\t\t\t\t<div class=\"elementor-divider\">\n\t\t\t<span class=\"elementor-divider-separator\">\n\t\t\t\t\t\t<\/span>\n\t\t<\/div>\n\t\t\t\t\t\t<\/div>\n\t\t\t\t<div class=\"elementor-element elementor-element-78bf6aa elementor-widget elementor-widget-icon-box\" data-id=\"78bf6aa\" data-element_type=\"widget\" data-e-type=\"widget\" data-widget_type=\"icon-box.default\">\n\t\t\t\t\t\t\t<div class=\"elementor-icon-box-wrapper\">\n\n\t\t\t\n\t\t\t\t\t\t<div class=\"elementor-icon-box-content\">\n\n\t\t\t\t\t\t\t\t\t<h2 class=\"elementor-icon-box-title\">\n\t\t\t\t\t\t<span  >\n\t\t\t\t\t\t\tPr\u00eat \u00e0 d\u00e9marrer votre projet ?\u200b\t\t\t\t\t\t<\/span>\n\t\t\t\t\t<\/h2>\n\t\t\t\t\n\t\t\t\t\t\t\t\t\t<p class=\"elementor-icon-box-description\">\n\t\t\t\t\t\t\u00c9changeons sur vos id\u00e9es et laissez-nous construire votre r\u00eave ensemble.\t\t\t\t\t<\/p>\n\t\t\t\t\n\t\t\t<\/div>\n\t\t\t\n\t\t<\/div>\n\t\t\t\t\t\t<\/div>\n\t\t\t\t<div class=\"elementor-element elementor-element-f9f0b0a elementor-align-center elementor-widget elementor-widget-button\" data-id=\"f9f0b0a\" data-element_type=\"widget\" data-e-type=\"widget\" data-widget_type=\"button.default\">\n\t\t\t\t\t\t\t\t\t\t<a class=\"elementor-button elementor-button-link elementor-size-sm\" href=\"\/en\/contact\/\">\n\t\t\t\t\t\t<span class=\"elementor-button-content-wrapper\">\n\t\t\t\t\t\t\t\t\t<span class=\"elementor-button-text\">Demandez un devis<\/span>\n\t\t\t\t\t<\/span>\n\t\t\t\t\t<\/a>\n\t\t\t\t\t\t\t\t<\/div>\n\t\t\t\t\t<\/div>\n\t\t\t\t<\/div>\n\t\t\t\t<\/div>","protected":false},"excerpt":{"rendered":"","protected":false},"author":1,"featured_media":0,"parent":0,"menu_order":0,"comment_status":"closed","ping_status":"closed","template":"","meta":{"site-sidebar-layout":"no-sidebar","site-content-layout":"","ast-site-content-layout":"full-width-container","site-content-style":"default","site-sidebar-style":"default","ast-global-header-display":"","ast-banner-title-visibility":"","ast-main-header-display":"","ast-hfb-above-header-display":"","ast-hfb-below-header-display":"","ast-hfb-mobile-header-display":"","site-post-title":"disabled","ast-breadcrumbs-content":"","ast-featured-img":"disabled","footer-sml-layout":"","ast-disable-related-posts":"","theme-transparent-header-meta":"","adv-header-id-meta":"","stick-header-meta":"","header-above-stick-meta":"","header-main-stick-meta":"","header-below-stick-meta":"","astra-migrate-meta-layouts":"default","ast-page-background-enabled":"default","ast-page-background-meta":{"desktop":{"background-color":"var(--ast-global-color-5)","background-image":"","background-repeat":"repeat","background-position":"center center","background-size":"auto","background-attachment":"scroll","background-type":"","background-media":"","overlay-type":"","overlay-color":"","overlay-opacity":"","overlay-gradient":""},"tablet":{"background-color":"","background-image":"","background-repeat":"repeat","background-position":"center center","background-size":"auto","background-attachment":"scroll","background-type":"","background-media":"","overlay-type":"","overlay-color":"","overlay-opacity":"","overlay-gradient":""},"mobile":{"background-color":"","background-image":"","background-repeat":"repeat","background-position":"center center","background-size":"auto","background-attachment":"scroll","background-type":"","background-media":"","overlay-type":"","overlay-color":"","overlay-opacity":"","overlay-gradient":""}},"ast-content-background-meta":{"desktop":{"background-color":"var(--ast-global-color-4)","background-image":"","background-repeat":"repeat","background-position":"center center","background-size":"auto","background-attachment":"scroll","background-type":"","background-media":"","overlay-type":"","overlay-color":"","overlay-opacity":"","overlay-gradient":""},"tablet":{"background-color":"var(--ast-global-color-4)","background-image":"","background-repeat":"repeat","background-position":"center center","background-size":"auto","background-attachment":"scroll","background-type":"","background-media":"","overlay-type":"","overlay-color":"","overlay-opacity":"","overlay-gradient":""},"mobile":{"background-color":"var(--ast-global-color-4)","background-image":"","background-repeat":"repeat","background-position":"center center","background-size":"auto","background-attachment":"scroll","background-type":"","background-media":"","overlay-type":"","overlay-color":"","overlay-opacity":"","overlay-gradient":""}},"footnotes":""},"class_list":["post-278","page","type-page","status-publish","hentry"],"_links":{"self":[{"href":"https:\/\/laconstruction.lu\/en\/wp-json\/wp\/v2\/pages\/278","targetHints":{"allow":["GET"]}}],"collection":[{"href":"https:\/\/laconstruction.lu\/en\/wp-json\/wp\/v2\/pages"}],"about":[{"href":"https:\/\/laconstruction.lu\/en\/wp-json\/wp\/v2\/types\/page"}],"author":[{"embeddable":true,"href":"https:\/\/laconstruction.lu\/en\/wp-json\/wp\/v2\/users\/1"}],"replies":[{"embeddable":true,"href":"https:\/\/laconstruction.lu\/en\/wp-json\/wp\/v2\/comments?post=278"}],"version-history":[{"count":1,"href":"https:\/\/laconstruction.lu\/en\/wp-json\/wp\/v2\/pages\/278\/revisions"}],"predecessor-version":[{"id":712,"href":"https:\/\/laconstruction.lu\/en\/wp-json\/wp\/v2\/pages\/278\/revisions\/712"}],"wp:attachment":[{"href":"https:\/\/laconstruction.lu\/en\/wp-json\/wp\/v2\/media?parent=278"}],"curies":[{"name":"wp","href":"https:\/\/api.w.org\/{rel}","templated":true}]}}