{"id":277,"date":"2026-04-01T09:14:51","date_gmt":"2026-04-01T07:14:51","guid":{"rendered":"https:\/\/laconstruction.lu\/about\/"},"modified":"2026-04-01T11:41:45","modified_gmt":"2026-04-01T09:41:45","slug":"a-propos","status":"publish","type":"page","link":"https:\/\/laconstruction.lu\/en\/a-propos\/","title":{"rendered":"\u00c0 propos"},"content":{"rendered":"<div data-elementor-type=\"wp-page\" data-elementor-id=\"277\" class=\"elementor elementor-277\">\n\t\t\t\t<div class=\"elementor-element elementor-element-31b5949 e-flex e-con-boxed e-con e-parent\" data-id=\"31b5949\" data-element_type=\"container\" data-e-type=\"container\" data-settings=\"{&quot;background_background&quot;:&quot;classic&quot;}\">\n\t\t\t\t\t<div class=\"e-con-inner\">\n\t\t\t\t<div class=\"elementor-element elementor-element-b485c78 elementor-widget elementor-widget-heading\" data-id=\"b485c78\" data-element_type=\"widget\" data-e-type=\"widget\" data-widget_type=\"heading.default\">\n\t\t\t\t\t<p class=\"elementor-heading-title elementor-size-default\">\u00c0 propos<\/p>\t\t\t\t<\/div>\n\t\t\t\t<div class=\"elementor-element elementor-element-a63bee4 elementor-widget elementor-widget-heading\" data-id=\"a63bee4\" data-element_type=\"widget\" data-e-type=\"widget\" data-widget_type=\"heading.default\">\n\t\t\t\t\t<h1 class=\"elementor-heading-title elementor-size-default\">D\u00e9couvrez notre expertise en construction moderne et fiable<\/h1>\t\t\t\t<\/div>\n\t\t\t\t<div class=\"elementor-element elementor-element-5ca09a2 elementor-widget-divider--view-line elementor-widget elementor-widget-divider\" data-id=\"5ca09a2\" data-element_type=\"widget\" data-e-type=\"widget\" data-widget_type=\"divider.default\">\n\t\t\t\t\t\t\t<div class=\"elementor-divider\">\n\t\t\t<span class=\"elementor-divider-separator\">\n\t\t\t\t\t\t<\/span>\n\t\t<\/div>\n\t\t\t\t\t\t<\/div>\n\t\t\t\t\t<\/div>\n\t\t\t\t<\/div>\n\t\t<div class=\"elementor-element elementor-element-f558fe7 e-flex e-con-boxed e-con e-parent\" data-id=\"f558fe7\" data-element_type=\"container\" data-e-type=\"container\" data-settings=\"{&quot;background_background&quot;:&quot;classic&quot;}\">\n\t\t\t\t\t<div class=\"e-con-inner\">\n\t\t\t\t<div class=\"elementor-element elementor-element-03d43a7 elementor-widget elementor-widget-image\" data-id=\"03d43a7\" data-element_type=\"widget\" data-e-type=\"widget\" data-widget_type=\"image.default\">\n\t\t\t\t\t\t\t\t\t\t\t\t\t\t\t<img fetchpriority=\"high\" width=\"1024\" height=\"682\" class=\"attachment-large size-large wp-image-7 lws-optimize-lazyload\" alt=\"A construction worker stands on a scaffolding at a high-rise building under a blue sky.\" srcset=\"https:\/\/laconstruction.lu\/wp-content\/uploads\/2026\/04\/pexels-photo-4966809-1024x682.jpeg 1024w, https:\/\/laconstruction.lu\/wp-content\/uploads\/2026\/04\/pexels-photo-4966809-300x200.jpeg 300w, https:\/\/laconstruction.lu\/wp-content\/uploads\/2026\/04\/pexels-photo-4966809-768x512.jpeg 768w, https:\/\/laconstruction.lu\/wp-content\/uploads\/2026\/04\/pexels-photo-4966809.jpeg 1280w\" sizes=\"(max-width: 1024px) 100vw, 1024px\" data-src=\"https:\/\/laconstruction.lu\/wp-content\/uploads\/2026\/04\/pexels-photo-4966809-1024x682.jpeg\" title=\"\u00c0 propos\">\t\t\t\t\t\t\t\t\t\t\t\t\t\t\t<\/div>\n\t\t<div class=\"elementor-element elementor-element-e95ce97 e-con-full e-flex e-con e-child\" data-id=\"e95ce97\" data-element_type=\"container\" data-e-type=\"container\">\n\t\t<div class=\"elementor-element elementor-element-6d813f4 e-con-full e-flex e-con e-child\" data-id=\"6d813f4\" data-element_type=\"container\" data-e-type=\"container\">\n\t\t\t\t<div class=\"elementor-element elementor-element-5caac49 elementor-widget elementor-widget-heading\" data-id=\"5caac49\" data-element_type=\"widget\" data-e-type=\"widget\" data-widget_type=\"heading.default\">\n\t\t\t\t\t<h2 class=\"elementor-heading-title elementor-size-default\">Notre entreprise<\/h2>\t\t\t\t<\/div>\n\t\t\t\t<div class=\"elementor-element elementor-element-b65968c elementor-widget-divider--view-line elementor-widget elementor-widget-divider\" data-id=\"b65968c\" data-element_type=\"widget\" data-e-type=\"widget\" data-widget_type=\"divider.default\">\n\t\t\t\t\t\t\t<div class=\"elementor-divider\">\n\t\t\t<span class=\"elementor-divider-separator\">\n\t\t\t\t\t\t<\/span>\n\t\t<\/div>\n\t\t\t\t\t\t<\/div>\n\t\t\t\t<\/div>\n\t\t<div class=\"elementor-element elementor-element-ffc468c e-con-full e-flex e-con e-child\" data-id=\"ffc468c\" data-element_type=\"container\" data-e-type=\"container\">\n\t\t\t\t<div class=\"elementor-element elementor-element-3b77277 elementor-widget elementor-widget-icon-box\" data-id=\"3b77277\" data-element_type=\"widget\" data-e-type=\"widget\" data-widget_type=\"icon-box.default\">\n\t\t\t\t\t\t\t<div class=\"elementor-icon-box-wrapper\">\n\n\t\t\t\n\t\t\t\t\t\t<div class=\"elementor-icon-box-content\">\n\n\t\t\t\t\t\t\t\t\t<h3 class=\"elementor-icon-box-title\">\n\t\t\t\t\t\t<span  >\n\t\t\t\t\t\t\tEngagement envers la qualit\u00e9 et l'innovation\t\t\t\t\t\t<\/span>\n\t\t\t\t\t<\/h3>\n\t\t\t\t\n\t\t\t\t\t\t\t\t\t<p class=\"elementor-icon-box-description\">\n\t\t\t\t\t\tDepuis notre cr\u00e9ation, LA Constructions S\u00e0rl s\u2019est engag\u00e9e \u00e0 r\u00e9aliser des projets de construction qui allient esth\u00e9tique et fonctionnalit\u00e9. Nous avons satisfait de nombreux clients gr\u00e2ce \u00e0 notre expertise et notre souci du d\u00e9tail, cr\u00e9ant des espaces qui r\u00e9pondent parfaitement \u00e0 leurs attentes.\t\t\t\t\t<\/p>\n\t\t\t\t\n\t\t\t<\/div>\n\t\t\t\n\t\t<\/div>\n\t\t\t\t\t\t<\/div>\n\t\t\t\t<div class=\"elementor-element elementor-element-f156121 elementor-widget elementor-widget-heading\" data-id=\"f156121\" data-element_type=\"widget\" data-e-type=\"widget\" data-widget_type=\"heading.default\">\n\t\t\t\t\t<p class=\"elementor-heading-title elementor-size-default\">Notre \u00e9quipe d\u00e9di\u00e9e ma\u00eetrise les derni\u00e8res techniques de construction et s\u2019assure que chaque projet est un succ\u00e8s.<\/p>\t\t\t\t<\/div>\n\t\t\t\t<\/div>\n\t\t\t\t<\/div>\n\t\t\t\t\t<\/div>\n\t\t\t\t<\/div>\n\t\t<div class=\"elementor-element elementor-element-fdbaf7a e-flex e-con-boxed e-con e-parent\" data-id=\"fdbaf7a\" data-element_type=\"container\" data-e-type=\"container\" data-settings=\"{&quot;background_background&quot;:&quot;classic&quot;}\">\n\t\t\t\t\t<div class=\"e-con-inner\">\n\t\t\t\t<div class=\"elementor-element elementor-element-452c4cf elementor-widget elementor-widget-heading\" data-id=\"452c4cf\" data-element_type=\"widget\" data-e-type=\"widget\" data-widget_type=\"heading.default\">\n\t\t\t\t\t<h2 class=\"elementor-heading-title elementor-size-default\">Nos missions et valeurs<\/h2>\t\t\t\t<\/div>\n\t\t\t\t<div class=\"elementor-element elementor-element-799db18 elementor-widget-divider--view-line elementor-widget elementor-widget-divider\" data-id=\"799db18\" data-element_type=\"widget\" data-e-type=\"widget\" data-widget_type=\"divider.default\">\n\t\t\t\t\t\t\t<div class=\"elementor-divider\">\n\t\t\t<span class=\"elementor-divider-separator\">\n\t\t\t\t\t\t<\/span>\n\t\t<\/div>\n\t\t\t\t\t\t<\/div>\n\t\t<div class=\"elementor-element elementor-element-3076461 e-con-full e-flex e-con e-child\" data-id=\"3076461\" data-element_type=\"container\" data-e-type=\"container\">\n\t\t\t\t<div class=\"elementor-element elementor-element-2aa81aa elementor-widget elementor-widget-icon-box\" data-id=\"2aa81aa\" data-element_type=\"widget\" data-e-type=\"widget\" data-widget_type=\"icon-box.default\">\n\t\t\t\t\t\t\t<div class=\"elementor-icon-box-wrapper\">\n\n\t\t\t\n\t\t\t\t\t\t<div class=\"elementor-icon-box-content\">\n\n\t\t\t\t\t\t\t\t\t<h3 class=\"elementor-icon-box-title\">\n\t\t\t\t\t\t<span  >\n\t\t\t\t\t\t\tNotre mission d'excellence\t\t\t\t\t\t<\/span>\n\t\t\t\t\t<\/h3>\n\t\t\t\t\n\t\t\t\t\t\t\t\t\t<p class=\"elementor-icon-box-description\">\n\t\t\t\t\t\tNotre mission est de fournir des services de construction de haute qualit\u00e9 qui d\u00e9passent les attentes de nos clients. Nous croyons en une approche personnalis\u00e9e, en investissant dans l'innovation et des mat\u00e9riaux durables pour b\u00e2tir des projets qui durent.\t\t\t\t\t<\/p>\n\t\t\t\t\n\t\t\t<\/div>\n\t\t\t\n\t\t<\/div>\n\t\t\t\t\t\t<\/div>\n\t\t\t\t<div class=\"elementor-element elementor-element-5f0c725 elementor-widget elementor-widget-icon-box\" data-id=\"5f0c725\" data-element_type=\"widget\" data-e-type=\"widget\" data-widget_type=\"icon-box.default\">\n\t\t\t\t\t\t\t<div class=\"elementor-icon-box-wrapper\">\n\n\t\t\t\n\t\t\t\t\t\t<div class=\"elementor-icon-box-content\">\n\n\t\t\t\t\t\t\t\t\t<h3 class=\"elementor-icon-box-title\">\n\t\t\t\t\t\t<span  >\n\t\t\t\t\t\t\tValeurs fondamentales\t\t\t\t\t\t<\/span>\n\t\t\t\t\t<\/h3>\n\t\t\t\t\n\t\t\t\t\t\t\t\t\t<p class=\"elementor-icon-box-description\">\n\t\t\t\t\t\tNous valorisons l'int\u00e9grit\u00e9, la durabilit\u00e9 et l'innovation dans tous nos projets. Chaque membre de notre \u00e9quipe s'efforce de cr\u00e9er des relations de confiance avec nos clients, en fournissant un service exceptionnel \u00e0 chaque \u00e9tape du processus de construction.\t\t\t\t\t<\/p>\n\t\t\t\t\n\t\t\t<\/div>\n\t\t\t\n\t\t<\/div>\n\t\t\t\t\t\t<\/div>\n\t\t\t\t<\/div>\n\t\t\t\t\t<\/div>\n\t\t\t\t<\/div>\n\t\t<div class=\"elementor-element elementor-element-4ef38f1 e-flex e-con-boxed e-con e-parent\" data-id=\"4ef38f1\" data-element_type=\"container\" data-e-type=\"container\" data-settings=\"{&quot;background_background&quot;:&quot;classic&quot;}\">\n\t\t\t\t\t<div class=\"e-con-inner\">\n\t\t<div class=\"elementor-element elementor-element-e18ad09 e-con-full e-flex e-con e-child\" data-id=\"e18ad09\" data-element_type=\"container\" data-e-type=\"container\">\n\t\t\t\t<div class=\"elementor-element elementor-element-2bd04f9 elementor-widget elementor-widget-heading\" data-id=\"2bd04f9\" data-element_type=\"widget\" data-e-type=\"widget\" data-widget_type=\"heading.default\">\n\t\t\t\t\t<h2 class=\"elementor-heading-title elementor-size-default\">Notre histoire\n<\/h2>\t\t\t\t<\/div>\n\t\t\t\t<div class=\"elementor-element elementor-element-64e3715 elementor-widget-divider--view-line elementor-widget elementor-widget-divider\" data-id=\"64e3715\" data-element_type=\"widget\" data-e-type=\"widget\" data-widget_type=\"divider.default\">\n\t\t\t\t\t\t\t<div class=\"elementor-divider\">\n\t\t\t<span class=\"elementor-divider-separator\">\n\t\t\t\t\t\t<\/span>\n\t\t<\/div>\n\t\t\t\t\t\t<\/div>\n\t\t\t\t<div class=\"elementor-element elementor-element-75cfaf7 elementor-widget elementor-widget-icon-box\" data-id=\"75cfaf7\" data-element_type=\"widget\" data-e-type=\"widget\" data-widget_type=\"icon-box.default\">\n\t\t\t\t\t\t\t<div class=\"elementor-icon-box-wrapper\">\n\n\t\t\t\n\t\t\t\t\t\t<div class=\"elementor-icon-box-content\">\n\n\t\t\t\t\t\t\t\t\t<h3 class=\"elementor-icon-box-title\">\n\t\t\t\t\t\t<span  >\n\t\t\t\t\t\t\tUn parcours d\u00e9di\u00e9 \u00e0 l'excellence en construction\t\t\t\t\t\t<\/span>\n\t\t\t\t\t<\/h3>\n\t\t\t\t\n\t\t\t\t\t\t\t\t\t<p class=\"elementor-icon-box-description\">\n\t\t\t\t\t\tFond\u00e9e il y a plusieurs ann\u00e9es au Luxembourg, LA Constructions S\u00e0rl a rapidement gagn\u00e9 en r\u00e9putation gr\u00e2ce \u00e0 ses r\u00e9alisations ambitieuses et son approche client. Notre croissance constante d\u00e9coule de notre engagement envers la qualit\u00e9 et notre capacit\u00e9 \u00e0 nous adapter aux besoins changeants du march\u00e9, tout en respectant les d\u00e9lais.\t\t\t\t\t<\/p>\n\t\t\t\t\n\t\t\t<\/div>\n\t\t\t\n\t\t<\/div>\n\t\t\t\t\t\t<\/div>\n\t\t\t\t<\/div>\n\t\t<div class=\"elementor-element elementor-element-17eef55 e-con-full e-flex e-con e-child\" data-id=\"17eef55\" data-element_type=\"container\" data-e-type=\"container\">\n\t\t\t\t<div class=\"elementor-element elementor-element-af5b61e elementor-widget elementor-widget-image\" data-id=\"af5b61e\" data-element_type=\"widget\" data-e-type=\"widget\" data-widget_type=\"image.default\">\n\t\t\t\t\t\t\t\t\t\t\t\t\t\t\t<img width=\"1024\" height=\"682\" class=\"attachment-large size-large wp-image-8 lws-optimize-lazyload\" alt=\"A modern construction site with cranes against a clear blue sky, showcasing urban development.\" srcset=\"https:\/\/laconstruction.lu\/wp-content\/uploads\/2026\/04\/pexels-photo-36065437-1024x682.jpeg 1024w, https:\/\/laconstruction.lu\/wp-content\/uploads\/2026\/04\/pexels-photo-36065437-300x200.jpeg 300w, https:\/\/laconstruction.lu\/wp-content\/uploads\/2026\/04\/pexels-photo-36065437-768x512.jpeg 768w, https:\/\/laconstruction.lu\/wp-content\/uploads\/2026\/04\/pexels-photo-36065437.jpeg 1280w\" sizes=\"(max-width: 1024px) 100vw, 1024px\" data-src=\"https:\/\/laconstruction.lu\/wp-content\/uploads\/2026\/04\/pexels-photo-36065437-1024x682.jpeg\" title=\"\u00c0 propos\">\t\t\t\t\t\t\t\t\t\t\t\t\t\t\t<\/div>\n\t\t\t\t<div class=\"elementor-element elementor-element-0717bd7 elementor-widget elementor-widget-image\" data-id=\"0717bd7\" data-element_type=\"widget\" data-e-type=\"widget\" data-widget_type=\"image.default\">\n\t\t\t\t\t\t\t\t\t\t\t\t\t\t\t<img width=\"1024\" height=\"682\" class=\"attachment-large size-large wp-image-9 lws-optimize-lazyload\" alt=\"Close-up of an excavator working on road construction, showcasing the industrial process.\" srcset=\"https:\/\/laconstruction.lu\/wp-content\/uploads\/2026\/04\/street-building-construction-industry-1024x682.jpg 1024w, https:\/\/laconstruction.lu\/wp-content\/uploads\/2026\/04\/street-building-construction-industry-300x200.jpg 300w, https:\/\/laconstruction.lu\/wp-content\/uploads\/2026\/04\/street-building-construction-industry-768x512.jpg 768w, https:\/\/laconstruction.lu\/wp-content\/uploads\/2026\/04\/street-building-construction-industry.jpg 1280w\" sizes=\"(max-width: 1024px) 100vw, 1024px\" data-src=\"https:\/\/laconstruction.lu\/wp-content\/uploads\/2026\/04\/street-building-construction-industry-1024x682.jpg\" title=\"\u00c0 propos\">\t\t\t\t\t\t\t\t\t\t\t\t\t\t\t<\/div>\n\t\t\t\t<\/div>\n\t\t\t\t\t<\/div>\n\t\t\t\t<\/div>\n\t\t<div class=\"elementor-element elementor-element-c2348ed e-flex e-con-boxed e-con e-parent\" data-id=\"c2348ed\" data-element_type=\"container\" data-e-type=\"container\" data-settings=\"{&quot;background_background&quot;:&quot;classic&quot;}\">\n\t\t\t\t\t<div class=\"e-con-inner\">\n\t\t\t\t<div class=\"elementor-element elementor-element-98d2ebe elementor-widget-divider--view-line elementor-widget elementor-widget-divider\" data-id=\"98d2ebe\" data-element_type=\"widget\" data-e-type=\"widget\" data-widget_type=\"divider.default\">\n\t\t\t\t\t\t\t<div class=\"elementor-divider\">\n\t\t\t<span class=\"elementor-divider-separator\">\n\t\t\t\t\t\t<\/span>\n\t\t<\/div>\n\t\t\t\t\t\t<\/div>\n\t\t\t\t<div class=\"elementor-element elementor-element-d4b9a31 elementor-widget elementor-widget-icon-box\" data-id=\"d4b9a31\" data-element_type=\"widget\" data-e-type=\"widget\" data-widget_type=\"icon-box.default\">\n\t\t\t\t\t\t\t<div class=\"elementor-icon-box-wrapper\">\n\n\t\t\t\n\t\t\t\t\t\t<div class=\"elementor-icon-box-content\">\n\n\t\t\t\t\t\t\t\t\t<h2 class=\"elementor-icon-box-title\">\n\t\t\t\t\t\t<span  >\n\t\t\t\t\t\t\tPr\u00eat \u00e0 d\u00e9marrer votre projet ?\u200b\t\t\t\t\t\t<\/span>\n\t\t\t\t\t<\/h2>\n\t\t\t\t\n\t\t\t\t\t\t\t\t\t<p class=\"elementor-icon-box-description\">\n\t\t\t\t\t\t\u00c9changeons sur vos id\u00e9es et laissez-nous construire votre r\u00eave ensemble.\t\t\t\t\t<\/p>\n\t\t\t\t\n\t\t\t<\/div>\n\t\t\t\n\t\t<\/div>\n\t\t\t\t\t\t<\/div>\n\t\t\t\t<div class=\"elementor-element elementor-element-9d4099a elementor-align-center elementor-widget elementor-widget-button\" data-id=\"9d4099a\" data-element_type=\"widget\" data-e-type=\"widget\" data-widget_type=\"button.default\">\n\t\t\t\t\t\t\t\t\t\t<a class=\"elementor-button elementor-button-link elementor-size-sm\" href=\"\/en\/contact\/\">\n\t\t\t\t\t\t<span class=\"elementor-button-content-wrapper\">\n\t\t\t\t\t\t\t\t\t<span class=\"elementor-button-text\">Demandez un devis<\/span>\n\t\t\t\t\t<\/span>\n\t\t\t\t\t<\/a>\n\t\t\t\t\t\t\t\t<\/div>\n\t\t\t\t\t<\/div>\n\t\t\t\t<\/div>\n\t\t\t\t<\/div>","protected":false},"excerpt":{"rendered":"","protected":false},"author":1,"featured_media":0,"parent":0,"menu_order":0,"comment_status":"closed","ping_status":"closed","template":"","meta":{"site-sidebar-layout":"no-sidebar","site-content-layout":"","ast-site-content-layout":"full-width-container","site-content-style":"default","site-sidebar-style":"default","ast-global-header-display":"","ast-banner-title-visibility":"","ast-main-header-display":"","ast-hfb-above-header-display":"","ast-hfb-below-header-display":"","ast-hfb-mobile-header-display":"","site-post-title":"disabled","ast-breadcrumbs-content":"","ast-featured-img":"disabled","footer-sml-layout":"","ast-disable-related-posts":"","theme-transparent-header-meta":"","adv-header-id-meta":"","stick-header-meta":"","header-above-stick-meta":"","header-main-stick-meta":"","header-below-stick-meta":"","astra-migrate-meta-layouts":"default","ast-page-background-enabled":"default","ast-page-background-meta":{"desktop":{"background-color":"var(--ast-global-color-5)","background-image":"","background-repeat":"repeat","background-position":"center center","background-size":"auto","background-attachment":"scroll","background-type":"","background-media":"","overlay-type":"","overlay-color":"","overlay-opacity":"","overlay-gradient":""},"tablet":{"background-color":"","background-image":"","background-repeat":"repeat","background-position":"center center","background-size":"auto","background-attachment":"scroll","background-type":"","background-media":"","overlay-type":"","overlay-color":"","overlay-opacity":"","overlay-gradient":""},"mobile":{"background-color":"","background-image":"","background-repeat":"repeat","background-position":"center center","background-size":"auto","background-attachment":"scroll","background-type":"","background-media":"","overlay-type":"","overlay-color":"","overlay-opacity":"","overlay-gradient":""}},"ast-content-background-meta":{"desktop":{"background-color":"var(--ast-global-color-4)","background-image":"","background-repeat":"repeat","background-position":"center center","background-size":"auto","background-attachment":"scroll","background-type":"","background-media":"","overlay-type":"","overlay-color":"","overlay-opacity":"","overlay-gradient":""},"tablet":{"background-color":"var(--ast-global-color-4)","background-image":"","background-repeat":"repeat","background-position":"center center","background-size":"auto","background-attachment":"scroll","background-type":"","background-media":"","overlay-type":"","overlay-color":"","overlay-opacity":"","overlay-gradient":""},"mobile":{"background-color":"var(--ast-global-color-4)","background-image":"","background-repeat":"repeat","background-position":"center center","background-size":"auto","background-attachment":"scroll","background-type":"","background-media":"","overlay-type":"","overlay-color":"","overlay-opacity":"","overlay-gradient":""}},"footnotes":""},"class_list":["post-277","page","type-page","status-publish","hentry"],"_links":{"self":[{"href":"https:\/\/laconstruction.lu\/en\/wp-json\/wp\/v2\/pages\/277","targetHints":{"allow":["GET"]}}],"collection":[{"href":"https:\/\/laconstruction.lu\/en\/wp-json\/wp\/v2\/pages"}],"about":[{"href":"https:\/\/laconstruction.lu\/en\/wp-json\/wp\/v2\/types\/page"}],"author":[{"embeddable":true,"href":"https:\/\/laconstruction.lu\/en\/wp-json\/wp\/v2\/users\/1"}],"replies":[{"embeddable":true,"href":"https:\/\/laconstruction.lu\/en\/wp-json\/wp\/v2\/comments?post=277"}],"version-history":[{"count":2,"href":"https:\/\/laconstruction.lu\/en\/wp-json\/wp\/v2\/pages\/277\/revisions"}],"predecessor-version":[{"id":720,"href":"https:\/\/laconstruction.lu\/en\/wp-json\/wp\/v2\/pages\/277\/revisions\/720"}],"wp:attachment":[{"href":"https:\/\/laconstruction.lu\/en\/wp-json\/wp\/v2\/media?parent=277"}],"curies":[{"name":"wp","href":"https:\/\/api.w.org\/{rel}","templated":true}]}}